{"id":233,"date":"2022-04-18T08:49:54","date_gmt":"2022-04-18T06:49:54","guid":{"rendered":"http:\/\/bise-au.fr\/?page_id=233"},"modified":"2023-09-19T09:19:48","modified_gmt":"2023-09-19T07:19:48","slug":"02-agence","status":"publish","type":"page","link":"https:\/\/bise-au.fr\/index.php\/02-agence\/","title":{"rendered":"02 &#8211; l&#8217;ATELIER"},"content":{"rendered":"\t\t<div data-elementor-type=\"wp-page\" data-elementor-id=\"233\" class=\"elementor elementor-233\">\n\t\t\t\t\t\t\t\t\t<section class=\"elementor-section elementor-top-section elementor-element elementor-element-6c9c14f elementor-section-boxed elementor-section-height-default elementor-section-height-default\" data-id=\"6c9c14f\" data-element_type=\"section\">\n\t\t\t\t\t\t<div class=\"elementor-container elementor-column-gap-default\">\n\t\t\t\t\t<div class=\"elementor-column elementor-col-100 elementor-top-column elementor-element elementor-element-36af7d7\" data-id=\"36af7d7\" data-element_type=\"column\">\n\t\t\t<div class=\"elementor-widget-wrap elementor-element-populated\">\n\t\t\t\t\t\t\t\t<div class=\"elementor-element elementor-element-2cf2143 elementor-widget elementor-widget-text-editor\" data-id=\"2cf2143\" data-element_type=\"widget\" data-widget_type=\"text-editor.default\">\n\t\t\t\t<div class=\"elementor-widget-container\">\n\t\t\t<style>\/*! elementor - v3.11.5 - 14-03-2023 *\/\n.elementor-widget-text-editor.elementor-drop-cap-view-stacked .elementor-drop-cap{background-color:#818a91;color:#fff}.elementor-widget-text-editor.elementor-drop-cap-view-framed .elementor-drop-cap{color:#818a91;border:3px solid;background-color:transparent}.elementor-widget-text-editor:not(.elementor-drop-cap-view-default) .elementor-drop-cap{margin-top:8px}.elementor-widget-text-editor:not(.elementor-drop-cap-view-default) .elementor-drop-cap-letter{width:1em;height:1em}.elementor-widget-text-editor .elementor-drop-cap{float:left;text-align:center;line-height:1;font-size:50px}.elementor-widget-text-editor .elementor-drop-cap-letter{display:inline-block}<\/style>\t\t\t\t<p><i><b>bise<\/b><\/i>&nbsp;est un atelier d&#8217;architecture et d&#8217;urbanisme cr\u00e9\u00e9 en 2020 par Marine Vignot et L\u00e9o Lecoq.<\/p>\t\t\t\t\t\t<\/div>\n\t\t\t\t<\/div>\n\t\t\t\t\t<\/div>\n\t\t<\/div>\n\t\t\t\t\t\t\t<\/div>\n\t\t<\/section>\n\t\t\t\t<section class=\"elementor-section elementor-top-section elementor-element elementor-element-e9b6e03 elementor-section-boxed elementor-section-height-default elementor-section-height-default\" data-id=\"e9b6e03\" data-element_type=\"section\">\n\t\t\t\t\t\t<div class=\"elementor-container elementor-column-gap-default\">\n\t\t\t\t\t<div class=\"elementor-column elementor-col-100 elementor-top-column elementor-element elementor-element-ca5150e\" data-id=\"ca5150e\" data-element_type=\"column\">\n\t\t\t<div class=\"elementor-widget-wrap elementor-element-populated\">\n\t\t\t\t\t\t\t\t<div class=\"elementor-element elementor-element-b45dec8 elementor-widget__width-inherit elementor-widget elementor-widget-image\" data-id=\"b45dec8\" data-element_type=\"widget\" data-widget_type=\"image.default\">\n\t\t\t\t<div class=\"elementor-widget-container\">\n\t\t\t<style>\/*! elementor - v3.11.5 - 14-03-2023 *\/\n.elementor-widget-image{text-align:center}.elementor-widget-image a{display:inline-block}.elementor-widget-image a img[src$=\".svg\"]{width:48px}.elementor-widget-image img{vertical-align:middle;display:inline-block}<\/style>\t\t\t\t\t\t\t\t\t\t\t\t<img decoding=\"async\" width=\"800\" height=\"523\" src=\"https:\/\/bise-au.fr\/wp-content\/uploads\/2022\/04\/bise_AGENCE-1024x670.jpg\" class=\"attachment-large size-large wp-image-264\" alt=\"\" loading=\"lazy\" srcset=\"https:\/\/bise-au.fr\/wp-content\/uploads\/2022\/04\/bise_AGENCE-1024x670.jpg 1024w, https:\/\/bise-au.fr\/wp-content\/uploads\/2022\/04\/bise_AGENCE-300x196.jpg 300w, https:\/\/bise-au.fr\/wp-content\/uploads\/2022\/04\/bise_AGENCE-768x503.jpg 768w, https:\/\/bise-au.fr\/wp-content\/uploads\/2022\/04\/bise_AGENCE-1536x1005.jpg 1536w, https:\/\/bise-au.fr\/wp-content\/uploads\/2022\/04\/bise_AGENCE-2048x1341.jpg 2048w\" sizes=\"(max-width: 800px) 100vw, 800px\" \/>\t\t\t\t\t\t\t\t\t\t\t\t\t\t\t<\/div>\n\t\t\t\t<\/div>\n\t\t\t\t\t<\/div>\n\t\t<\/div>\n\t\t\t\t\t\t\t<\/div>\n\t\t<\/section>\n\t\t\t\t<section class=\"elementor-section elementor-top-section elementor-element elementor-element-d775d4f elementor-section-boxed elementor-section-height-default elementor-section-height-default\" data-id=\"d775d4f\" data-element_type=\"section\">\n\t\t\t\t\t\t<div class=\"elementor-container elementor-column-gap-default\">\n\t\t\t\t\t<div class=\"elementor-column elementor-col-100 elementor-top-column elementor-element elementor-element-b3a5371\" data-id=\"b3a5371\" data-element_type=\"column\">\n\t\t\t<div class=\"elementor-widget-wrap elementor-element-populated\">\n\t\t\t\t\t\t\t\t<div class=\"elementor-element elementor-element-4200319 elementor-widget elementor-widget-text-editor\" data-id=\"4200319\" data-element_type=\"widget\" data-widget_type=\"text-editor.default\">\n\t\t\t\t<div class=\"elementor-widget-container\">\n\t\t\t\t\t\t\t<p>Le lien que nous tissons entre architecture et urbanisme est un outils de r\u00e9flexion, un moyen de qualifier l&#8217;inscription du projet dans son milieu.<\/p><p>Nous cherchons \u00e0 d\u00e9velopper une architecture durable et sommes sensibles au concept de frugalit\u00e9, en architecture et en urbanisme notamment.<span class=\"Apple-converted-space\">\u00a0 <\/span>La mise en avant de mat\u00e9riaux biosourc\u00e9s (bois, fibres v\u00e9g\u00e9tales,\u2026), mati\u00e8res g\u00e9osourc\u00e9es (pierre, terre crue ou cuite, &#8230;) et la valorisation d\u2019\u00e9l\u00e9ments issus du r\u00e9emploi sont pour nous des enjeux incontournables pour la cr\u00e9ation ou le renouvellement des lieux habit\u00e9s (logements, \u00e9quipements, industrie\u2026).<\/p><p>Au regard de nos exp\u00e9riences, nous sommes aujourd\u2019hui convaincus de la n\u00e9cessit\u00e9 de croiser les champs d\u2019expertise dans la d\u00e9marche d\u2019accompagnement des communes et des op\u00e9rateurs ayant une influence directe sur nos cadres de vie. C\u2019est pourquoi nous int\u00e9grons avec enthousiasme des \u00e9quipes pluri-disciplinaires, collaboratives et adh\u00e9rons avec plaisir aux d\u00e9marches de concertation et co-construction avec les usagers des espaces actuels ou en devenir.<\/p>\t\t\t\t\t\t<\/div>\n\t\t\t\t<\/div>\n\t\t\t\t\t<\/div>\n\t\t<\/div>\n\t\t\t\t\t\t\t<\/div>\n\t\t<\/section>\n\t\t\t\t\t\t\t<\/div>\n\t\t","protected":false},"excerpt":{"rendered":"<p>bise&nbsp;est un atelier d&#8217;architecture et d&#8217;urbanisme cr\u00e9\u00e9 en 2020 par Marine Vignot et L\u00e9o Lecoq. Le lien que nous tissons entre architecture et urbanisme est un outils de r\u00e9flexion, un moyen de qualifier l&#8217;inscription du projet dans son milieu. Nous cherchons \u00e0 d\u00e9velopper une architecture durable et sommes sensibles au concept de frugalit\u00e9, en architecture [&hellip;]<\/p>\n","protected":false},"author":1,"featured_media":0,"parent":0,"menu_order":0,"comment_status":"closed","ping_status":"closed","template":"elementor_header_footer","meta":[],"_links":{"self":[{"href":"https:\/\/bise-au.fr\/index.php\/wp-json\/wp\/v2\/pages\/233"}],"collection":[{"href":"https:\/\/bise-au.fr\/index.php\/wp-json\/wp\/v2\/pages"}],"about":[{"href":"https:\/\/bise-au.fr\/index.php\/wp-json\/wp\/v2\/types\/page"}],"author":[{"embeddable":true,"href":"https:\/\/bise-au.fr\/index.php\/wp-json\/wp\/v2\/users\/1"}],"replies":[{"embeddable":true,"href":"https:\/\/bise-au.fr\/index.php\/wp-json\/wp\/v2\/comments?post=233"}],"version-history":[{"count":72,"href":"https:\/\/bise-au.fr\/index.php\/wp-json\/wp\/v2\/pages\/233\/revisions"}],"predecessor-version":[{"id":523,"href":"https:\/\/bise-au.fr\/index.php\/wp-json\/wp\/v2\/pages\/233\/revisions\/523"}],"wp:attachment":[{"href":"https:\/\/bise-au.fr\/index.php\/wp-json\/wp\/v2\/media?parent=233"}],"curies":[{"name":"wp","href":"https:\/\/api.w.org\/{rel}","templated":true}]}}